{"id":4,"date":"2015-02-12T08:24:24","date_gmt":"2015-02-12T08:24:24","guid":{"rendered":"http:\/\/biurorachunkowe-jaktorow.pl\/?page_id=4"},"modified":"2015-05-13T06:29:40","modified_gmt":"2015-05-13T06:29:40","slug":"o-nas","status":"publish","type":"page","link":"http:\/\/biurorachunkowe-jaktorow.pl\/?page_id=4","title":{"rendered":"O nas"},"content":{"rendered":"<div dir=\"ltr\">\n<div>\n<div>Nasze biuro rachunkowe jest firm\u0105 zajmuj\u0105c\u0105 si\u0119 od 1995 roku prowadzeniem ksi\u0119gowo\u015bci oraz doradztwa podatkowego. Dzia\u0142amy na podstawie wpisu na list\u0119 doradc\u00f3w podatkowych (wpis nr 05021).<\/div>\n<div>Specjalizujemy si\u0119 w obs\u0142udze ma\u0142ych i \u015brednich firm o r\u00f3\u017cnym profilu dzia\u0142alno\u015bci w zakresie ewidencji ksi\u0119gowych oraz rozlicze\u0144 kadr i p\u0142ac. Nasze biuro ponosi pe\u0142n\u0105 odpowiedzialno\u015b\u0107 za prawid\u0142owo\u015b\u0107 prowadzonych ksi\u0105g i rozlicze\u0144 klient\u00f3w (posiadamy ubezpieczenie odpowiedzialno\u015bci cywilnej).<\/div>\n<div>Naszymi klientami s\u0105 zar\u00f3wno ma\u0142e jednoosobowe firmy jak te\u017c sp\u00f3\u0142ki prawa handlowego. Ka\u017cdy z naszych klient\u00f3w jest dla nas klientem najwa\u017cniejszym.<\/div>\n<div>W naszym biurze mo\u017cecie Pa\u0144stwo za\u0142atwi\u0107 wszystkie formalno\u015bci zwi\u0105zane z za\u0142o\u017ceniem, prowadzeniem lub likwidacj\u0105 ka\u017cdej firmy. Zapewniamy naszym klientom doradztwo i reprezentacj\u0119 przed organami administracji skarbowej. W celu ci\u0105g\u0142ego podnoszenia naszych kwalifikacji stale wsp\u00f3\u0142pracujemy z doradcami podatkowymi i ksi\u0119gowymi oraz bieg\u0142ymi rewidentami.<\/div>\n<div>Uczestniczymy w licznych szkoleniach i konferencjach.<\/div>\n<div>Zapraszamy wszystkich do naszego biura i prosimy o zapoznanie si\u0119 z nasz\u0105 ofert\u0105.<\/div>\n<\/div>\n<\/div>\n","protected":false},"excerpt":{"rendered":"<p>Nasze biuro rachunkowe jest firm\u0105 zajmuj\u0105c\u0105 si\u0119 od 1995 roku prowadzeniem ksi\u0119gowo\u015bci oraz doradztwa podatkowego. Dzia\u0142amy na podstawie wpisu na list\u0119 doradc\u00f3w podatkowych (wpis nr 05021). Specjalizujemy si\u0119 w obs\u0142udze ma\u0142ych i \u015brednich firm o r\u00f3\u017cnym profilu dzia\u0142alno\u015bci w zakresie ewidencji ksi\u0119gowych oraz rozlicze\u0144 kadr i p\u0142ac. Nasze biuro ponosi pe\u0142n\u0105 odpowiedzialno\u015b\u0107 za prawid\u0142owo\u015b\u0107 prowadzonych [&hellip;]<\/p>\n","protected":false},"author":2,"featured_media":0,"parent":0,"menu_order":0,"comment_status":"closed","ping_status":"closed","template":"","meta":{"footnotes":""},"class_list":["post-4","page","type-page","status-publish","hentry"],"_links":{"self":[{"href":"http:\/\/biurorachunkowe-jaktorow.pl\/index.php?rest_route=\/wp\/v2\/pages\/4","targetHints":{"allow":["GET"]}}],"collection":[{"href":"http:\/\/biurorachunkowe-jaktorow.pl\/index.php?rest_route=\/wp\/v2\/pages"}],"about":[{"href":"http:\/\/biurorachunkowe-jaktorow.pl\/index.php?rest_route=\/wp\/v2\/types\/page"}],"author":[{"embeddable":true,"href":"http:\/\/biurorachunkowe-jaktorow.pl\/index.php?rest_route=\/wp\/v2\/users\/2"}],"replies":[{"embeddable":true,"href":"http:\/\/biurorachunkowe-jaktorow.pl\/index.php?rest_route=%2Fwp%2Fv2%2Fcomments&post=4"}],"version-history":[{"count":5,"href":"http:\/\/biurorachunkowe-jaktorow.pl\/index.php?rest_route=\/wp\/v2\/pages\/4\/revisions"}],"predecessor-version":[{"id":32,"href":"http:\/\/biurorachunkowe-jaktorow.pl\/index.php?rest_route=\/wp\/v2\/pages\/4\/revisions\/32"}],"wp:attachment":[{"href":"http:\/\/biurorachunkowe-jaktorow.pl\/index.php?rest_route=%2Fwp%2Fv2%2Fmedia&parent=4"}],"curies":[{"name":"wp","href":"https:\/\/api.w.org\/{rel}","templated":true}]}}